{"id":2,"date":"2019-10-03T13:01:52","date_gmt":"2019-10-03T11:01:52","guid":{"rendered":"http:\/\/start-prod.fr\/?page_id=2"},"modified":"2022-10-14T14:49:42","modified_gmt":"2022-10-14T12:49:42","slug":"page-d-exemple","status":"publish","type":"page","link":"https:\/\/start-prod.fr\/","title":{"rendered":"ST&rsquo;ART"},"content":{"rendered":"\n<h3 class=\"has-text-align-center\">ST&rsquo;ART c&rsquo;est le STREET ART dans ta poche !<\/h3>\n\n\n\n<div class=\"wp-block-image is-style-default\"><figure class=\"aligncenter size-large\"><img loading=\"lazy\" width=\"722\" height=\"1024\" src=\"http:\/\/start-prod.fr\/wp-content\/uploads\/2022\/10\/flyerstart-722x1024.jpg\" alt=\"\" class=\"wp-image-4531\" srcset=\"https:\/\/start-prod.fr\/wp-content\/uploads\/2022\/10\/flyerstart-722x1024.jpg 722w, https:\/\/start-prod.fr\/wp-content\/uploads\/2022\/10\/flyerstart-211x300.jpg 211w, https:\/\/start-prod.fr\/wp-content\/uploads\/2022\/10\/flyerstart-768x1090.jpg 768w, https:\/\/start-prod.fr\/wp-content\/uploads\/2022\/10\/flyerstart-1083x1536.jpg 1083w, https:\/\/start-prod.fr\/wp-content\/uploads\/2022\/10\/flyerstart-1444x2048.jpg 1444w, https:\/\/start-prod.fr\/wp-content\/uploads\/2022\/10\/flyerstart.jpg 1748w\" sizes=\"(max-width: 722px) 100vw, 722px\" \/><\/figure><\/div>\n\n\n\n<p class=\"has-text-align-center\">Vous voulez faire un petit trip street art ou partager les \u0153uvres que vous aimez ? Alors n&rsquo;h\u00e9sitez pas \u00e0 <strong><a href=\"https:\/\/app.start-prod.fr\/apps\/download\">t\u00e9l\u00e9charger<\/a><\/strong> ST&rsquo;ART.<\/p>\n\n\n\n<p class=\"has-text-align-center\">ST\u2019ART est une application gratuite qui permet de d\u00e9couvrir des \u0153uvres  de Street Art partout en France, mais aussi dans le reste du monde. <\/p>\n\n\n\n<p class=\"has-text-align-center\">C&rsquo;est une autre fa\u00e7on de faire du tourisme culturel, de d\u00e9couvrir les artistes et de suivre l\u2019actualit\u00e9 du Street Art ! <\/p>\n\n\n\n<p class=\"has-text-align-center\">L&rsquo;application est participative, vous pouvez donc partager les clich\u00e9s  de vos d\u00e9couvertes sur la carte et par la m\u00eame occasion faire conna\u00eetre  de nouveaux talents. <\/p>\n\n\n\n<div class=\"wp-container-1 wp-block-group\"><div class=\"wp-block-group__inner-container\"><\/div><\/div>\n\n\n\n<div class=\"wp-block-image\"><figure class=\"alignleft size-large is-resized\"><a href=\"https:\/\/play.google.com\/store\/apps\/details?id=com.goodbarber.streetartdijon\"><img loading=\"lazy\" src=\"http:\/\/start-prod.fr\/wp-content\/uploads\/2019\/10\/dispo_googleplay-1.png\" alt=\"\" class=\"wp-image-23\" width=\"241\" height=\"93\" srcset=\"https:\/\/start-prod.fr\/wp-content\/uploads\/2019\/10\/dispo_googleplay-1.png 646w, https:\/\/start-prod.fr\/wp-content\/uploads\/2019\/10\/dispo_googleplay-1-300x116.png 300w\" sizes=\"(max-width: 241px) 100vw, 241px\" \/><\/a><\/figure><\/div>\n\n\n\n<div class=\"wp-block-image\"><figure class=\"alignright size-large is-resized\"><a href=\"https:\/\/itunes.apple.com\/fr\/app\/start\/id1463185225?mt=8&amp;uo=4\"><img loading=\"lazy\" src=\"http:\/\/start-prod.fr\/wp-content\/uploads\/2019\/10\/bouton-telechargement-apple-app-store_028600FA00836107.png\" alt=\"\" class=\"wp-image-11\" width=\"251\" height=\"97\" srcset=\"https:\/\/start-prod.fr\/wp-content\/uploads\/2019\/10\/bouton-telechargement-apple-app-store_028600FA00836107.png 646w, https:\/\/start-prod.fr\/wp-content\/uploads\/2019\/10\/bouton-telechargement-apple-app-store_028600FA00836107-300x116.png 300w\" sizes=\"(max-width: 251px) 100vw, 251px\" \/><\/a><\/figure><\/div>\n","protected":false},"excerpt":{"rendered":"<p>ST&rsquo;ART c&rsquo;est le STREET ART dans ta poche ! Vous voulez faire un petit trip street art ou partager les \u0153uvres que vous aimez ? Alors n&rsquo;h\u00e9sitez pas \u00e0 t\u00e9l\u00e9charger ST&rsquo;ART. ST\u2019ART est une application gratuite qui permet de d\u00e9couvrir des \u0153uvres de Street Art partout en France, mais aussi dans le reste du monde. [&hellip;]<\/p>\n","protected":false},"author":1,"featured_media":0,"parent":0,"menu_order":1,"comment_status":"closed","ping_status":"closed","template":"","meta":[],"_links":{"self":[{"href":"https:\/\/start-prod.fr\/index.php?rest_route=\/wp\/v2\/pages\/2"}],"collection":[{"href":"https:\/\/start-prod.fr\/index.php?rest_route=\/wp\/v2\/pages"}],"about":[{"href":"https:\/\/start-prod.fr\/index.php?rest_route=\/wp\/v2\/types\/page"}],"author":[{"embeddable":true,"href":"https:\/\/start-prod.fr\/index.php?rest_route=\/wp\/v2\/users\/1"}],"replies":[{"embeddable":true,"href":"https:\/\/start-prod.fr\/index.php?rest_route=%2Fwp%2Fv2%2Fcomments&post=2"}],"version-history":[{"count":41,"href":"https:\/\/start-prod.fr\/index.php?rest_route=\/wp\/v2\/pages\/2\/revisions"}],"predecessor-version":[{"id":4534,"href":"https:\/\/start-prod.fr\/index.php?rest_route=\/wp\/v2\/pages\/2\/revisions\/4534"}],"wp:attachment":[{"href":"https:\/\/start-prod.fr\/index.php?rest_route=%2Fwp%2Fv2%2Fmedia&parent=2"}],"curies":[{"name":"wp","href":"https:\/\/api.w.org\/{rel}","templated":true}]}}